{"id":988,"date":"2025-04-30T03:44:28","date_gmt":"2025-04-29T20:44:28","guid":{"rendered":"https:\/\/gobiernoabierto.bcs.gob.mx\/?page_id=988"},"modified":"2025-04-30T03:51:46","modified_gmt":"2025-04-29T20:51:46","slug":"home2","status":"publish","type":"page","link":"https:\/\/gobiernoabierto.bcs.gob.mx\/","title":{"rendered":"Home2"},"content":{"rendered":"<div class=\"mks_col \">\n<div class=\"mks_one_half \">\n<div class=\"elementor-element elementor-element-5d1368d3 elementor-widget elementor-widget-heading\" data-id=\"5d1368d3\" data-element_type=\"widget\" data-widget_type=\"heading.default\">\n<div class=\"elementor-widget-container\">\n<h2 class=\"elementor-heading-title elementor-size-default\" style=\"padding-left:40px\">\u00bfQu\u00e9 es Gobierno Abierto?<\/h2>\n<\/div>\n<\/div>\n<div class=\"elementor-element elementor-element-6571d9d5 elementor-widget elementor-widget-text-editor\" data-id=\"6571d9d5\" data-element_type=\"widget\" data-widget_type=\"text-editor.default\">\n<div class=\"elementor-widget-container\">\n<div class=\"elementor-text-editor elementor-clearfix\">\n<p>Es una iniciativa internacional multilateral que busca que los gobiernos se rijan en los principios de transparencia, rendici\u00f3n de cuentas y capacidad de respuesta a la ciudadan\u00eda con el objetivo de mejorar la eficiencia del gobierno, as\u00ed como la calidad de los servicios que reciben los ciudadanos.<\/p>\n<p>Por tal motivo dando seguimiento a la implementaci\u00f3n de una campa\u00f1a de sensibilizaci\u00f3n de tema en lo que refiere a gobierno abierto, a continuaci\u00f3n se desarrolla la&nbsp;<b>campa\u00f1a denominada &#8220;La Mesa esta Puesta&#8221; para el estado de Baja California Sur<\/b>.<\/p>\n<p>Cabe mencionar que esta campa\u00f1a se ha desarrollada con \u00e9xito en otros estados del pa\u00eds como Jalisco, Durango, Veracruz, Zacatecas entre otros.<\/p>\n<p>El objetivo principal de la campa\u00f1a de Gobierno Abierto es hacer que el p\u00fablico tenga en mente el concepto de Gobierno Abierto, lo conozca y lo difunda, as\u00ed como impulsar los trabajos de cada una de sus entidades en el tema.<\/p>\n<\/div>\n<\/div>\n<\/div>\n<\/div>\n<div class=\"mks_one_half \">&nbsp; &nbsp; &nbsp; <img loading=\"lazy\" decoding=\"async\" class=\"alignnone wp-image-996 size-full\" src=\"https:\/\/gobiernoabierto.bcs.gob.mx\/wp-content\/uploads\/2022\/04\/IMAGENPRINCIPALIMAGEN.png\" alt=\"\" width=\"557\" height=\"404\" srcset=\"https:\/\/gobiernoabierto.bcs.gob.mx\/wp-content\/uploads\/2022\/04\/IMAGENPRINCIPALIMAGEN.png 557w, https:\/\/gobiernoabierto.bcs.gob.mx\/wp-content\/uploads\/2022\/04\/IMAGENPRINCIPALIMAGEN-300x218.png 300w\" sizes=\"auto, (max-width: 557px) 100vw, 557px\" \/> &nbsp; &nbsp;<\/div>\n<\/div>\n","protected":false},"excerpt":{"rendered":"","protected":false},"author":1,"featured_media":0,"parent":0,"menu_order":0,"comment_status":"closed","ping_status":"closed","template":"template-home.php","meta":{"footnotes":""},"class_list":["post-988","page","type-page","status-publish","hentry"],"_links":{"self":[{"href":"https:\/\/gobiernoabierto.bcs.gob.mx\/index.php?rest_route=\/wp\/v2\/pages\/988","targetHints":{"allow":["GET"]}}],"collection":[{"href":"https:\/\/gobiernoabierto.bcs.gob.mx\/index.php?rest_route=\/wp\/v2\/pages"}],"about":[{"href":"https:\/\/gobiernoabierto.bcs.gob.mx\/index.php?rest_route=\/wp\/v2\/types\/page"}],"author":[{"embeddable":true,"href":"https:\/\/gobiernoabierto.bcs.gob.mx\/index.php?rest_route=\/wp\/v2\/users\/1"}],"replies":[{"embeddable":true,"href":"https:\/\/gobiernoabierto.bcs.gob.mx\/index.php?rest_route=%2Fwp%2Fv2%2Fcomments&post=988"}],"version-history":[{"count":3,"href":"https:\/\/gobiernoabierto.bcs.gob.mx\/index.php?rest_route=\/wp\/v2\/pages\/988\/revisions"}],"predecessor-version":[{"id":1063,"href":"https:\/\/gobiernoabierto.bcs.gob.mx\/index.php?rest_route=\/wp\/v2\/pages\/988\/revisions\/1063"}],"wp:attachment":[{"href":"https:\/\/gobiernoabierto.bcs.gob.mx\/index.php?rest_route=%2Fwp%2Fv2%2Fmedia&parent=988"}],"curies":[{"name":"wp","href":"https:\/\/api.w.org\/{rel}","templated":true}]}}